{"id":758,"date":"2025-08-26T09:50:06","date_gmt":"2025-08-26T07:50:06","guid":{"rendered":"http:\/\/capamunt.disstintbeta.com\/quienes-somos\/"},"modified":"2025-12-17T21:33:56","modified_gmt":"2025-12-17T19:33:56","slug":"quienes-somos","status":"publish","type":"page","link":"https:\/\/capamunt.cat\/es\/quienes-somos\/","title":{"rendered":"Qui\u00e9nes somos"},"content":{"rendered":"\t\t<div data-elementor-type=\"wp-page\" data-elementor-id=\"758\" class=\"elementor elementor-758 elementor-137\" data-elementor-post-type=\"page\">\n\t\t\t\t<div class=\"elementor-element elementor-element-457b75b e-flex e-con-boxed e-con e-parent\" data-id=\"457b75b\" data-element_type=\"container\" data-settings=\"{&quot;background_background&quot;:&quot;classic&quot;}\">\n\t\t\t\t\t<div class=\"e-con-inner\">\n\t\t<div class=\"elementor-element elementor-element-e71cc7e e-con-full e-flex e-con e-child\" data-id=\"e71cc7e\" data-element_type=\"container\">\n\t\t\t\t<div class=\"elementor-element elementor-element-ece4621 fons elementor-widget elementor-widget-heading\" data-id=\"ece4621\" data-element_type=\"widget\" data-widget_type=\"heading.default\">\n\t\t\t\t\t<h1 class=\"elementor-heading-title elementor-size-default\">Qui\u00e9nes somos<\/h1>\t\t\t\t<\/div>\n\t\t\t\t<\/div>\n\t\t\t\t\t<\/div>\n\t\t\t\t<\/div>\n\t\t<div class=\"elementor-element elementor-element-927b7d9 e-flex e-con-boxed e-con e-parent\" data-id=\"927b7d9\" data-element_type=\"container\" data-settings=\"{&quot;background_background&quot;:&quot;classic&quot;}\">\n\t\t\t\t\t<div class=\"e-con-inner\">\n\t\t<div class=\"elementor-element elementor-element-ffef0fa e-con-full e-flex e-con e-child\" data-id=\"ffef0fa\" data-element_type=\"container\">\n\t\t\t\t<div class=\"elementor-element elementor-element-7b49d61 elementor-widget elementor-widget-heading\" data-id=\"7b49d61\" data-element_type=\"widget\" data-widget_type=\"heading.default\">\n\t\t\t\t\t<h2 class=\"elementor-heading-title elementor-size-default\">M\u00e1s de 25 a\u00f1os volando<br> por Mallorca<\/h2>\t\t\t\t<\/div>\n\t\t\t\t<div class=\"elementor-element elementor-element-c20fc40 elementor-widget elementor-widget-text-editor\" data-id=\"c20fc40\" data-element_type=\"widget\" data-widget_type=\"text-editor.default\">\n\t\t\t\t\t\t\t\t\t<p>En Capamunt compartimos una pasi\u00f3n: volar y hacer volar. Hace m\u00e1s de dos d\u00e9cadas que ofrecemos experiencias a\u00e9reas en Mallorca, siempre con la m\u00e1xima profesionalidad y cari\u00f1o por nuestra isla. Somos una de las pocas empresas especializadas en <strong>vuelos biplaza en paratrike en Mallorca<\/strong> , y contamos con un equipo de <strong>pilotos titulados y con gran experiencia<\/strong> , activos desde el a\u00f1o 1998.  <\/p><p>Cada vuelo que ofrecemos es una nueva oportunidad para emocionar, sorprender y mostrar la belleza del paisaje mallorqu\u00edn desde una perspectiva \u00fanica. Volamos todo el a\u00f1o, a primera hora de la ma\u00f1ana y al atardecer, los momentos m\u00e1s m\u00e1gicos para dejarse llevar por el cielo. <\/p>\t\t\t\t\t\t\t\t<\/div>\n\t\t\t\t<\/div>\n\t\t<div class=\"elementor-element elementor-element-e6fb50b e-con-full e-flex e-con e-child\" data-id=\"e6fb50b\" data-element_type=\"container\">\n\t\t\t\t<div class=\"elementor-element elementor-element-caf8a2b elementor-absolute elementor-widget elementor-widget-image\" data-id=\"caf8a2b\" data-element_type=\"widget\" data-settings=\"{&quot;_position&quot;:&quot;absolute&quot;}\" data-widget_type=\"image.default\">\n\t\t\t\t\t\t\t\t\t\t\t\t\t\t\t<img fetchpriority=\"high\" decoding=\"async\" width=\"394\" height=\"397\" src=\"https:\/\/capamunt.cat\/wp-content\/uploads\/2025\/08\/recurs.svg\" class=\"attachment-large size-large wp-image-444\" alt=\"experi\u00e8ncies a\u00e8ries Mallorca\" \/>\t\t\t\t\t\t\t\t\t\t\t\t\t\t\t<\/div>\n\t\t\t\t<div class=\"elementor-element elementor-element-638a1ed elementor-widget elementor-widget-image\" data-id=\"638a1ed\" data-element_type=\"widget\" data-widget_type=\"image.default\">\n\t\t\t\t\t\t\t\t\t\t\t\t\t\t\t<img decoding=\"async\" width=\"2280\" height=\"1360\" src=\"https:\/\/capamunt.fra1.digitaloceanspaces.com\/wp-content\/uploads\/2025\/09\/25anys-banner-img.webp\" class=\"attachment-full size-full wp-image-629\" alt=\"paratrike bipla\u00e7a\" srcset=\"https:\/\/capamunt.fra1.digitaloceanspaces.com\/wp-content\/uploads\/2025\/09\/25anys-banner-img.webp 2280w, https:\/\/capamunt.fra1.digitaloceanspaces.com\/wp-content\/uploads\/2025\/09\/25anys-banner-img-300x179.webp 300w, https:\/\/capamunt.fra1.digitaloceanspaces.com\/wp-content\/uploads\/2025\/09\/25anys-banner-img-1024x611.webp 1024w, https:\/\/capamunt.fra1.digitaloceanspaces.com\/wp-content\/uploads\/2025\/09\/25anys-banner-img-768x458.webp 768w, https:\/\/capamunt.fra1.digitaloceanspaces.com\/wp-content\/uploads\/2025\/09\/25anys-banner-img-1536x916.webp 1536w, https:\/\/capamunt.fra1.digitaloceanspaces.com\/wp-content\/uploads\/2025\/09\/25anys-banner-img-2048x1222.webp 2048w\" sizes=\"(max-width: 2280px) 100vw, 2280px\" \/>\t\t\t\t\t\t\t\t\t\t\t\t\t\t\t<\/div>\n\t\t\t\t<\/div>\n\t\t\t\t\t<\/div>\n\t\t\t\t<\/div>\n\t\t<div class=\"elementor-element elementor-element-e2c4992 e-flex e-con-boxed e-con e-parent\" data-id=\"e2c4992\" data-element_type=\"container\" data-settings=\"{&quot;background_background&quot;:&quot;classic&quot;}\">\n\t\t\t\t\t<div class=\"e-con-inner\">\n\t\t<div class=\"elementor-element elementor-element-fa648ca e-con-full e-flex e-con e-child\" data-id=\"fa648ca\" data-element_type=\"container\">\n\t\t\t\t<div class=\"elementor-element elementor-element-8a183d2 elementor-widget elementor-widget-heading\" data-id=\"8a183d2\" data-element_type=\"widget\" data-widget_type=\"heading.default\">\n\t\t\t\t\t<h2 class=\"elementor-heading-title elementor-size-default\">Nuestra filosof\u00eda<\/h2>\t\t\t\t<\/div>\n\t\t\t\t<div class=\"elementor-element elementor-element-c5e1897 elementor-widget elementor-widget-text-editor\" data-id=\"c5e1897\" data-element_type=\"widget\" data-widget_type=\"text-editor.default\">\n\t\t\t\t\t\t\t\t\t<p>Creemos que <strong>volar debe ser una experiencia accesible, segura e inolvidable.<\/strong> Por eso, ofrecemos vuelos abiertos a todo tipo de p\u00fablico, sin necesidad de tener ninguna condici\u00f3n f\u00edsica especial. El <strong>paratrike biplaza<\/strong> nos permite despegar con facilidad y disfrutar de un vuelo estable y suave, ideal para personas que nunca han volado o que simplemente quieren disfrutar del momento sin preocupaciones.<\/p><p>Adem\u00e1s adaptamos los vuelos a las necesidades de cada cliente: podemos salir desde nuestro campo base (Aer\u00f2drom de Son Albert\u00ed \u00abLlucmajor\u00bb) o, si las condiciones lo permiten, desde fincas privadas.<\/p>\t\t\t\t\t\t\t\t<\/div>\n\t\t\t\t<\/div>\n\t\t<div class=\"elementor-element elementor-element-13c8491 e-con-full e-flex e-con e-child\" data-id=\"13c8491\" data-element_type=\"container\">\n\t\t\t\t<div class=\"elementor-element elementor-element-930b56a elementor-widget elementor-widget-image\" data-id=\"930b56a\" data-element_type=\"widget\" data-widget_type=\"image.default\">\n\t\t\t\t\t\t\t\t\t\t\t\t\t\t\t<img decoding=\"async\" width=\"980\" height=\"664\" src=\"https:\/\/capamunt.fra1.digitaloceanspaces.com\/wp-content\/uploads\/2025\/09\/filosofia-banner-img.webp\" class=\"attachment-full size-full wp-image-633\" alt=\"pilots titulats paratrike\" srcset=\"https:\/\/capamunt.fra1.digitaloceanspaces.com\/wp-content\/uploads\/2025\/09\/filosofia-banner-img.webp 980w, https:\/\/capamunt.fra1.digitaloceanspaces.com\/wp-content\/uploads\/2025\/09\/filosofia-banner-img-300x203.webp 300w, https:\/\/capamunt.fra1.digitaloceanspaces.com\/wp-content\/uploads\/2025\/09\/filosofia-banner-img-768x520.webp 768w\" sizes=\"(max-width: 980px) 100vw, 980px\" \/>\t\t\t\t\t\t\t\t\t\t\t\t\t\t\t<\/div>\n\t\t\t\t<\/div>\n\t\t\t\t\t<\/div>\n\t\t\t\t<\/div>\n\t\t<div class=\"elementor-element elementor-element-6db93d3 e-flex e-con-boxed e-con e-parent\" data-id=\"6db93d3\" data-element_type=\"container\" data-settings=\"{&quot;background_background&quot;:&quot;classic&quot;}\">\n\t\t\t\t\t<div class=\"e-con-inner\">\n\t\t<div class=\"elementor-element elementor-element-6435282 e-con-full e-flex e-con e-child\" data-id=\"6435282\" data-element_type=\"container\">\n\t\t\t\t<div class=\"elementor-element elementor-element-7e1cf8e elementor-widget elementor-widget-heading\" data-id=\"7e1cf8e\" data-element_type=\"widget\" data-widget_type=\"heading.default\">\n\t\t\t\t\t<h2 class=\"elementor-heading-title elementor-size-default\">Compromiso, seguridad y pasi\u00f3n<\/h2>\t\t\t\t<\/div>\n\t\t\t\t<div class=\"elementor-element elementor-element-d811dd5 elementor-widget elementor-widget-text-editor\" data-id=\"d811dd5\" data-element_type=\"widget\" data-widget_type=\"text-editor.default\">\n\t\t\t\t\t\t\t\t\t<p>Somos una empresa registrada en turismo activo (n\u00ba TA\/84) y cumplimos con toda la normativa vigente. Contamos con todos los seguros pertinentes, y velamos para que cada actividad se lleve a cabo con las m\u00e1ximas garant\u00edas. Pero lo que realmente nos diferencia es el trato cercano, la pasi\u00f3n con la que volamos y las ganas de compartirlo contigo.  <\/p><p><strong>Capamunt no s\u00f3lo es un vuelo, es una forma de ver la vida: m\u00e1s arriba, m\u00e1s libre.<\/strong><\/p>\t\t\t\t\t\t\t\t<\/div>\n\t\t\t\t<\/div>\n\t\t<div class=\"elementor-element elementor-element-a49656e e-con-full e-flex e-con e-child\" data-id=\"a49656e\" data-element_type=\"container\">\n\t\t\t\t<div class=\"elementor-element elementor-element-9eec75c elementor-widget elementor-widget-image\" data-id=\"9eec75c\" data-element_type=\"widget\" data-widget_type=\"image.default\">\n\t\t\t\t\t\t\t\t\t\t\t\t\t\t\t<img loading=\"lazy\" decoding=\"async\" width=\"980\" height=\"746\" src=\"https:\/\/capamunt.fra1.digitaloceanspaces.com\/wp-content\/uploads\/2025\/09\/compromis-banner-img.webp\" class=\"attachment-full size-full wp-image-637\" alt=\"empresa vols Mallorca\" srcset=\"https:\/\/capamunt.fra1.digitaloceanspaces.com\/wp-content\/uploads\/2025\/09\/compromis-banner-img.webp 980w, https:\/\/capamunt.fra1.digitaloceanspaces.com\/wp-content\/uploads\/2025\/09\/compromis-banner-img-300x228.webp 300w, https:\/\/capamunt.fra1.digitaloceanspaces.com\/wp-content\/uploads\/2025\/09\/compromis-banner-img-768x585.webp 768w\" sizes=\"(max-width: 980px) 100vw, 980px\" \/>\t\t\t\t\t\t\t\t\t\t\t\t\t\t\t<\/div>\n\t\t\t\t<\/div>\n\t\t\t\t\t<\/div>\n\t\t\t\t<\/div>\n\t\t<div class=\"elementor-element elementor-element-7e0ded1 e-flex e-con-boxed e-con e-parent\" data-id=\"7e0ded1\" data-element_type=\"container\" data-settings=\"{&quot;background_background&quot;:&quot;classic&quot;}\">\n\t\t\t\t\t<div class=\"e-con-inner\">\n\t\t<div class=\"elementor-element elementor-element-2964514 e-con-full e-flex e-con e-child\" data-id=\"2964514\" data-element_type=\"container\">\n\t\t\t\t<div class=\"elementor-element elementor-element-2a43807 elementor-widget elementor-widget-heading\" data-id=\"2a43807\" data-element_type=\"widget\" data-widget_type=\"heading.default\">\n\t\t\t\t\t<h2 class=\"elementor-heading-title elementor-size-default\">Vuelos entre globos, v\u00eddeos y mucho m\u00e1s<\/h2>\t\t\t\t<\/div>\n\t\t\t\t<div class=\"elementor-element elementor-element-3ffa4ad elementor-widget elementor-widget-text-editor\" data-id=\"3ffa4ad\" data-element_type=\"widget\" data-widget_type=\"text-editor.default\">\n\t\t\t\t\t\t\t\t\t<p>Descubre todo lo que podemos ofrecerte y vive una experiencia \u00fanica en Mallorca.<\/p>\t\t\t\t\t\t\t\t<\/div>\n\t\t\t\t<div class=\"elementor-element elementor-element-e154f3d elementor-align-center elementor-widget elementor-widget-button\" data-id=\"e154f3d\" data-element_type=\"widget\" data-widget_type=\"button.default\">\n\t\t\t\t\t\t\t\t\t\t<a class=\"elementor-button elementor-button-link elementor-size-sm\" href=\"https:\/\/capamunt.cat\/es\/que-hacemos\/\">\n\t\t\t\t\t\t<span class=\"elementor-button-content-wrapper\">\n\t\t\t\t\t\t<span class=\"elementor-button-icon\">\n\t\t\t\t<svg xmlns=\"http:\/\/www.w3.org\/2000\/svg\" width=\"32\" height=\"32\" viewBox=\"0 0 32 32\" fill=\"none\"><rect width=\"32\" height=\"32\" rx=\"5\" fill=\"#1E4C63\"><\/rect><path d=\"M9.76562 16H22.2344M22.2344 16L16 9.76562M22.2344 16L16 22.2344\" stroke=\"white\" stroke-width=\"1.78125\" stroke-linecap=\"round\" stroke-linejoin=\"round\"><\/path><\/svg>\t\t\t<\/span>\n\t\t\t\t\t\t\t\t\t<span class=\"elementor-button-text\">Descubre nuestros servicios<\/span>\n\t\t\t\t\t<\/span>\n\t\t\t\t\t<\/a>\n\t\t\t\t\t\t\t\t<\/div>\n\t\t\t\t<\/div>\n\t\t<div class=\"elementor-element elementor-element-6d45cef e-con-full e-flex e-con e-child\" data-id=\"6d45cef\" data-element_type=\"container\">\n\t\t\t\t<div class=\"elementor-element elementor-element-c2c74f2 elementor-absolute elementor-widget elementor-widget-image\" data-id=\"c2c74f2\" data-element_type=\"widget\" data-settings=\"{&quot;_position&quot;:&quot;absolute&quot;}\" data-widget_type=\"image.default\">\n\t\t\t\t\t\t\t\t\t\t\t\t\t\t\t<img fetchpriority=\"high\" decoding=\"async\" width=\"394\" height=\"397\" src=\"https:\/\/capamunt.cat\/wp-content\/uploads\/2025\/08\/recurs.svg\" class=\"attachment-large size-large wp-image-444\" alt=\"experi\u00e8ncies a\u00e8ries Mallorca\" \/>\t\t\t\t\t\t\t\t\t\t\t\t\t\t\t<\/div>\n\t\t\t\t<div class=\"elementor-element elementor-element-32341b3 elementor-widget elementor-widget-image\" data-id=\"32341b3\" data-element_type=\"widget\" data-widget_type=\"image.default\">\n\t\t\t\t\t\t\t\t\t\t\t\t\t\t\t<img loading=\"lazy\" decoding=\"async\" width=\"2280\" height=\"1360\" src=\"https:\/\/capamunt.fra1.digitaloceanspaces.com\/wp-content\/uploads\/2025\/09\/vols-banner-img.webp\" class=\"attachment-full size-full wp-image-641\" alt=\"capamunt\" srcset=\"https:\/\/capamunt.fra1.digitaloceanspaces.com\/wp-content\/uploads\/2025\/09\/vols-banner-img.webp 2280w, https:\/\/capamunt.fra1.digitaloceanspaces.com\/wp-content\/uploads\/2025\/09\/vols-banner-img-300x179.webp 300w, https:\/\/capamunt.fra1.digitaloceanspaces.com\/wp-content\/uploads\/2025\/09\/vols-banner-img-1024x611.webp 1024w, https:\/\/capamunt.fra1.digitaloceanspaces.com\/wp-content\/uploads\/2025\/09\/vols-banner-img-768x458.webp 768w, https:\/\/capamunt.fra1.digitaloceanspaces.com\/wp-content\/uploads\/2025\/09\/vols-banner-img-1536x916.webp 1536w, https:\/\/capamunt.fra1.digitaloceanspaces.com\/wp-content\/uploads\/2025\/09\/vols-banner-img-2048x1222.webp 2048w\" sizes=\"(max-width: 2280px) 100vw, 2280px\" \/>\t\t\t\t\t\t\t\t\t\t\t\t\t\t\t<\/div>\n\t\t\t\t<\/div>\n\t\t\t\t\t<\/div>\n\t\t\t\t<\/div>\n\t\t\t\t<\/div>\n\t\t","protected":false},"excerpt":{"rendered":"<p>Qui\u00e9nes somos M\u00e1s de 25 a\u00f1os volando por Mallorca En Capamunt compartimos una pasi\u00f3n: volar y hacer volar. Hace m\u00e1s de dos d\u00e9cadas que ofrecemos experiencias a\u00e9reas en Mallorca, siempre con la m\u00e1xima profesionalidad y cari\u00f1o por nuestra isla. Somos una de las pocas empresas especializadas en vuelos biplaza en paratrike en Mallorca , y [&hellip;]<\/p>\n","protected":false},"author":1,"featured_media":0,"parent":0,"menu_order":0,"comment_status":"closed","ping_status":"closed","template":"","meta":{"footnotes":""},"class_list":["post-758","page","type-page","status-publish","hentry"],"yoast_head":"<!-- This site is optimized with the Yoast SEO plugin v26.2 - https:\/\/yoast.com\/wordpress\/plugins\/seo\/ -->\n<title>Capamunt | M\u00e1s de 25 a\u00f1os volando en paratrike en Mallorca<\/title>\n<meta name=\"description\" content=\"Descubre Capamunt, especialistas en vuelos en paratrike a Mallorca desde 1998. Experiencia, seguridad y emoci\u00f3n.\" \/>\n<meta name=\"robots\" content=\"index, follow, max-snippet:-1, max-image-preview:large, max-video-preview:-1\" \/>\n<link rel=\"canonical\" href=\"https:\/\/capamunt.cat\/es\/quienes-somos\/\" \/>\n<meta property=\"og:locale\" content=\"es_ES\" \/>\n<meta property=\"og:type\" content=\"article\" \/>\n<meta property=\"og:title\" content=\"Capamunt | M\u00e1s de 25 a\u00f1os volando en paratrike en Mallorca\" \/>\n<meta property=\"og:description\" content=\"Descubre Capamunt, especialistas en vuelos en paratrike a Mallorca desde 1998. Experiencia, seguridad y emoci\u00f3n.\" \/>\n<meta property=\"og:url\" content=\"https:\/\/capamunt.cat\/es\/quienes-somos\/\" \/>\n<meta property=\"og:site_name\" content=\"Capamunt\" \/>\n<meta property=\"article:modified_time\" content=\"2025-12-17T19:33:56+00:00\" \/>\n<meta name=\"twitter:card\" content=\"summary_large_image\" \/>\n<meta name=\"twitter:label1\" content=\"Tiempo de lectura\" \/>\n\t<meta name=\"twitter:data1\" content=\"2 minutos\" \/>\n<script type=\"application\/ld+json\" class=\"yoast-schema-graph\">{\"@context\":\"https:\/\/schema.org\",\"@graph\":[{\"@type\":\"WebPage\",\"@id\":\"https:\/\/capamunt.cat\/es\/quienes-somos\/\",\"url\":\"https:\/\/capamunt.cat\/es\/quienes-somos\/\",\"name\":\"Capamunt | M\u00e1s de 25 a\u00f1os volando en paratrike en Mallorca\",\"isPartOf\":{\"@id\":\"https:\/\/capamunt.cat\/es\/#website\"},\"primaryImageOfPage\":{\"@id\":\"https:\/\/capamunt.cat\/es\/quienes-somos\/#primaryimage\"},\"image\":{\"@id\":\"https:\/\/capamunt.cat\/es\/quienes-somos\/#primaryimage\"},\"thumbnailUrl\":\"https:\/\/capamunt.cat\/wp-content\/uploads\/2025\/08\/recurs.svg\",\"datePublished\":\"2025-08-26T07:50:06+00:00\",\"dateModified\":\"2025-12-17T19:33:56+00:00\",\"description\":\"Descubre Capamunt, especialistas en vuelos en paratrike a Mallorca desde 1998. Experiencia, seguridad y emoci\u00f3n.\",\"breadcrumb\":{\"@id\":\"https:\/\/capamunt.cat\/es\/quienes-somos\/#breadcrumb\"},\"inLanguage\":\"es\",\"potentialAction\":[{\"@type\":\"ReadAction\",\"target\":[\"https:\/\/capamunt.cat\/es\/quienes-somos\/\"]}]},{\"@type\":\"ImageObject\",\"inLanguage\":\"es\",\"@id\":\"https:\/\/capamunt.cat\/es\/quienes-somos\/#primaryimage\",\"url\":\"https:\/\/capamunt.cat\/wp-content\/uploads\/2025\/08\/recurs.svg\",\"contentUrl\":\"https:\/\/capamunt.cat\/wp-content\/uploads\/2025\/08\/recurs.svg\"},{\"@type\":\"BreadcrumbList\",\"@id\":\"https:\/\/capamunt.cat\/es\/quienes-somos\/#breadcrumb\",\"itemListElement\":[{\"@type\":\"ListItem\",\"position\":1,\"name\":\"Inici\",\"item\":\"https:\/\/capamunt.cat\/es\/\"},{\"@type\":\"ListItem\",\"position\":2,\"name\":\"Qui\u00e9nes somos\"}]},{\"@type\":\"WebSite\",\"@id\":\"https:\/\/capamunt.cat\/es\/#website\",\"url\":\"https:\/\/capamunt.cat\/es\/\",\"name\":\"Capamunt\",\"description\":\"\",\"publisher\":{\"@id\":\"https:\/\/capamunt.cat\/es\/#organization\"},\"potentialAction\":[{\"@type\":\"SearchAction\",\"target\":{\"@type\":\"EntryPoint\",\"urlTemplate\":\"https:\/\/capamunt.cat\/es\/?s={search_term_string}\"},\"query-input\":{\"@type\":\"PropertyValueSpecification\",\"valueRequired\":true,\"valueName\":\"search_term_string\"}}],\"inLanguage\":\"es\"},{\"@type\":\"Organization\",\"@id\":\"https:\/\/capamunt.cat\/es\/#organization\",\"name\":\"Capamunt\",\"url\":\"https:\/\/capamunt.cat\/es\/\",\"logo\":{\"@type\":\"ImageObject\",\"inLanguage\":\"es\",\"@id\":\"https:\/\/capamunt.cat\/es\/#\/schema\/logo\/image\/\",\"url\":\"https:\/\/capamunt.cat\/wp-content\/uploads\/2025\/08\/logo.svg\",\"contentUrl\":\"https:\/\/capamunt.cat\/wp-content\/uploads\/2025\/08\/logo.svg\",\"width\":236,\"height\":100,\"caption\":\"Capamunt\"},\"image\":{\"@id\":\"https:\/\/capamunt.cat\/es\/#\/schema\/logo\/image\/\"}}]}<\/script>\n<!-- \/ Yoast SEO plugin. -->","yoast_head_json":{"title":"Capamunt | M\u00e1s de 25 a\u00f1os volando en paratrike en Mallorca","description":"Descubre Capamunt, especialistas en vuelos en paratrike a Mallorca desde 1998. Experiencia, seguridad y emoci\u00f3n.","robots":{"index":"index","follow":"follow","max-snippet":"max-snippet:-1","max-image-preview":"max-image-preview:large","max-video-preview":"max-video-preview:-1"},"canonical":"https:\/\/capamunt.cat\/es\/quienes-somos\/","og_locale":"es_ES","og_type":"article","og_title":"Capamunt | M\u00e1s de 25 a\u00f1os volando en paratrike en Mallorca","og_description":"Descubre Capamunt, especialistas en vuelos en paratrike a Mallorca desde 1998. Experiencia, seguridad y emoci\u00f3n.","og_url":"https:\/\/capamunt.cat\/es\/quienes-somos\/","og_site_name":"Capamunt","article_modified_time":"2025-12-17T19:33:56+00:00","twitter_card":"summary_large_image","twitter_misc":{"Tiempo de lectura":"2 minutos"},"schema":{"@context":"https:\/\/schema.org","@graph":[{"@type":"WebPage","@id":"https:\/\/capamunt.cat\/es\/quienes-somos\/","url":"https:\/\/capamunt.cat\/es\/quienes-somos\/","name":"Capamunt | M\u00e1s de 25 a\u00f1os volando en paratrike en Mallorca","isPartOf":{"@id":"https:\/\/capamunt.cat\/es\/#website"},"primaryImageOfPage":{"@id":"https:\/\/capamunt.cat\/es\/quienes-somos\/#primaryimage"},"image":{"@id":"https:\/\/capamunt.cat\/es\/quienes-somos\/#primaryimage"},"thumbnailUrl":"https:\/\/capamunt.cat\/wp-content\/uploads\/2025\/08\/recurs.svg","datePublished":"2025-08-26T07:50:06+00:00","dateModified":"2025-12-17T19:33:56+00:00","description":"Descubre Capamunt, especialistas en vuelos en paratrike a Mallorca desde 1998. Experiencia, seguridad y emoci\u00f3n.","breadcrumb":{"@id":"https:\/\/capamunt.cat\/es\/quienes-somos\/#breadcrumb"},"inLanguage":"es","potentialAction":[{"@type":"ReadAction","target":["https:\/\/capamunt.cat\/es\/quienes-somos\/"]}]},{"@type":"ImageObject","inLanguage":"es","@id":"https:\/\/capamunt.cat\/es\/quienes-somos\/#primaryimage","url":"https:\/\/capamunt.cat\/wp-content\/uploads\/2025\/08\/recurs.svg","contentUrl":"https:\/\/capamunt.cat\/wp-content\/uploads\/2025\/08\/recurs.svg"},{"@type":"BreadcrumbList","@id":"https:\/\/capamunt.cat\/es\/quienes-somos\/#breadcrumb","itemListElement":[{"@type":"ListItem","position":1,"name":"Inici","item":"https:\/\/capamunt.cat\/es\/"},{"@type":"ListItem","position":2,"name":"Qui\u00e9nes somos"}]},{"@type":"WebSite","@id":"https:\/\/capamunt.cat\/es\/#website","url":"https:\/\/capamunt.cat\/es\/","name":"Capamunt","description":"","publisher":{"@id":"https:\/\/capamunt.cat\/es\/#organization"},"potentialAction":[{"@type":"SearchAction","target":{"@type":"EntryPoint","urlTemplate":"https:\/\/capamunt.cat\/es\/?s={search_term_string}"},"query-input":{"@type":"PropertyValueSpecification","valueRequired":true,"valueName":"search_term_string"}}],"inLanguage":"es"},{"@type":"Organization","@id":"https:\/\/capamunt.cat\/es\/#organization","name":"Capamunt","url":"https:\/\/capamunt.cat\/es\/","logo":{"@type":"ImageObject","inLanguage":"es","@id":"https:\/\/capamunt.cat\/es\/#\/schema\/logo\/image\/","url":"https:\/\/capamunt.cat\/wp-content\/uploads\/2025\/08\/logo.svg","contentUrl":"https:\/\/capamunt.cat\/wp-content\/uploads\/2025\/08\/logo.svg","width":236,"height":100,"caption":"Capamunt"},"image":{"@id":"https:\/\/capamunt.cat\/es\/#\/schema\/logo\/image\/"}}]}},"_links":{"self":[{"href":"https:\/\/capamunt.cat\/es\/wp-json\/wp\/v2\/pages\/758","targetHints":{"allow":["GET"]}}],"collection":[{"href":"https:\/\/capamunt.cat\/es\/wp-json\/wp\/v2\/pages"}],"about":[{"href":"https:\/\/capamunt.cat\/es\/wp-json\/wp\/v2\/types\/page"}],"author":[{"embeddable":true,"href":"https:\/\/capamunt.cat\/es\/wp-json\/wp\/v2\/users\/1"}],"replies":[{"embeddable":true,"href":"https:\/\/capamunt.cat\/es\/wp-json\/wp\/v2\/comments?post=758"}],"version-history":[{"count":8,"href":"https:\/\/capamunt.cat\/es\/wp-json\/wp\/v2\/pages\/758\/revisions"}],"predecessor-version":[{"id":953,"href":"https:\/\/capamunt.cat\/es\/wp-json\/wp\/v2\/pages\/758\/revisions\/953"}],"wp:attachment":[{"href":"https:\/\/capamunt.cat\/es\/wp-json\/wp\/v2\/media?parent=758"}],"curies":[{"name":"wp","href":"https:\/\/api.w.org\/{rel}","templated":true}]}}