{"id":750,"date":"2025-08-26T10:29:45","date_gmt":"2025-08-26T08:29:45","guid":{"rendered":"http:\/\/capamunt.disstintbeta.com\/contacto\/"},"modified":"2025-12-17T21:39:26","modified_gmt":"2025-12-17T19:39:26","slug":"contacto","status":"publish","type":"page","link":"https:\/\/capamunt.cat\/es\/contacto\/","title":{"rendered":"Contacto"},"content":{"rendered":"\t\t<div data-elementor-type=\"wp-page\" data-elementor-id=\"750\" class=\"elementor elementor-750 elementor-192\" data-elementor-post-type=\"page\">\n\t\t\t\t<div class=\"elementor-element elementor-element-7289ea3 e-flex e-con-boxed e-con e-parent\" data-id=\"7289ea3\" data-element_type=\"container\" data-settings=\"{&quot;background_background&quot;:&quot;classic&quot;}\">\n\t\t\t\t\t<div class=\"e-con-inner\">\n\t\t<div class=\"elementor-element elementor-element-a3b21ae e-con-full e-flex e-con e-child\" data-id=\"a3b21ae\" data-element_type=\"container\">\n\t\t\t\t<div class=\"elementor-element elementor-element-4322252 fons elementor-widget elementor-widget-heading\" data-id=\"4322252\" data-element_type=\"widget\" data-widget_type=\"heading.default\">\n\t\t\t\t\t<h1 class=\"elementor-heading-title elementor-size-default\">Contacta con nosotros<\/h1>\t\t\t\t<\/div>\n\t\t\t\t<\/div>\n\t\t\t\t\t<\/div>\n\t\t\t\t<\/div>\n\t\t<div class=\"elementor-element elementor-element-927b7d9 e-flex e-con-boxed e-con e-parent\" data-id=\"927b7d9\" data-element_type=\"container\" data-settings=\"{&quot;background_background&quot;:&quot;classic&quot;}\">\n\t\t\t\t\t<div class=\"e-con-inner\">\n\t\t<div class=\"elementor-element elementor-element-6d40a7a e-con-full e-flex e-con e-child\" data-id=\"6d40a7a\" data-element_type=\"container\">\n\t\t\t\t<div class=\"elementor-element elementor-element-7b49d61 elementor-widget elementor-widget-heading\" data-id=\"7b49d61\" data-element_type=\"widget\" data-widget_type=\"heading.default\">\n\t\t\t\t\t<h2 class=\"elementor-heading-title elementor-size-default\">Formulario<\/h2>\t\t\t\t<\/div>\n\t\t\t\t<div class=\"elementor-element elementor-element-e66cbbb elementor-widget elementor-widget-heading\" data-id=\"e66cbbb\" data-element_type=\"widget\" data-widget_type=\"heading.default\">\n\t\t\t\t\t<span class=\"elementor-heading-title elementor-size-default\">\u00bfQuieres reservar tu vuelo, pedir informaci\u00f3n o realizar un regalo especial?<\/span>\t\t\t\t<\/div>\n\t\t\t\t<div class=\"elementor-element elementor-element-c20fc40 elementor-widget elementor-widget-text-editor\" data-id=\"c20fc40\" data-element_type=\"widget\" data-widget_type=\"text-editor.default\">\n\t\t\t\t\t\t\t\t\t<p>Estaremos encantados de atenderte y ayudarte a hacer realidad esa experiencia \u00fanica.<\/p><p>Rellena el formulario, ll\u00e1manos o env\u00edanos un mensaje por WhatsApp o correo electr\u00f3nico. Te responderemos lo antes posible. <\/p>\t\t\t\t\t\t\t\t<\/div>\n\t\t\t\t<\/div>\n\t\t<div class=\"elementor-element elementor-element-e6fb50b e-con-full e-flex e-con e-child\" data-id=\"e6fb50b\" data-element_type=\"container\">\n\t\t\t\t<div class=\"elementor-element elementor-element-04b06bf formulari contacte elementor-button-align-stretch elementor-widget elementor-widget-form\" data-id=\"04b06bf\" data-element_type=\"widget\" data-settings=\"{&quot;step_next_label&quot;:&quot;Next&quot;,&quot;step_previous_label&quot;:&quot;Previous&quot;,&quot;button_width&quot;:&quot;100&quot;,&quot;step_type&quot;:&quot;number_text&quot;,&quot;step_icon_shape&quot;:&quot;circle&quot;}\" data-widget_type=\"form.default\">\n\t\t\t\t\t\t\t<form class=\"elementor-form\" method=\"post\" name=\"Nuevo formulario\" aria-label=\"Nuevo formulario\">\n\t\t\t<input type=\"hidden\" name=\"post_id\" value=\"750\"\/>\n\t\t\t<input type=\"hidden\" name=\"form_id\" value=\"04b06bf\"\/>\n\t\t\t<input type=\"hidden\" name=\"referer_title\" value=\"Capamunt\" \/>\n\n\t\t\t\n\t\t\t<div class=\"elementor-form-fields-wrapper elementor-labels-above\">\n\t\t\t\t\t\t\t\t<div class=\"elementor-field-type-text elementor-field-group elementor-column elementor-field-group-name elementor-col-100 elementor-field-required\">\n\t\t\t\t\t\t\t\t\t\t\t\t<label for=\"form-field-name\" class=\"elementor-field-label\">\n\t\t\t\t\t\t\t\tNombre y apellidos *\t\t\t\t\t\t\t<\/label>\n\t\t\t\t\t\t\t\t\t\t\t\t\t\t<input size=\"1\" type=\"text\" name=\"form_fields[name]\" id=\"form-field-name\" class=\"elementor-field elementor-size-sm  elementor-field-textual\" placeholder=\"|\" required=\"required\">\n\t\t\t\t\t\t\t\t\t\t\t<\/div>\n\t\t\t\t\t\t\t\t<div class=\"elementor-field-type-number elementor-field-group elementor-column elementor-field-group-field_6ee4933 elementor-col-100\">\n\t\t\t\t\t\t\t\t\t\t\t\t<label for=\"form-field-field_6ee4933\" class=\"elementor-field-label\">\n\t\t\t\t\t\t\t\tTel\u00e9fono\t\t\t\t\t\t\t<\/label>\n\t\t\t\t\t\t\t\t\t<input type=\"number\" name=\"form_fields[field_6ee4933]\" id=\"form-field-field_6ee4933\" class=\"elementor-field elementor-size-sm  elementor-field-textual\" placeholder=\"|\" min=\"\" max=\"\" >\n\t\t\t\t\t\t<\/div>\n\t\t\t\t\t\t\t\t<div class=\"elementor-field-type-email elementor-field-group elementor-column elementor-field-group-email elementor-col-100 elementor-field-required\">\n\t\t\t\t\t\t\t\t\t\t\t\t<label for=\"form-field-email\" class=\"elementor-field-label\">\n\t\t\t\t\t\t\t\tCorreo electr\u00f3nico *\t\t\t\t\t\t\t<\/label>\n\t\t\t\t\t\t\t\t\t\t\t\t\t\t<input size=\"1\" type=\"email\" name=\"form_fields[email]\" id=\"form-field-email\" class=\"elementor-field elementor-size-sm  elementor-field-textual\" placeholder=\"|\" required=\"required\">\n\t\t\t\t\t\t\t\t\t\t\t<\/div>\n\t\t\t\t\t\t\t\t<div class=\"elementor-field-type-textarea elementor-field-group elementor-column elementor-field-group-message elementor-col-100\">\n\t\t\t\t\t\t\t\t\t\t\t\t<label for=\"form-field-message\" class=\"elementor-field-label\">\n\t\t\t\t\t\t\t\tMensaje *\t\t\t\t\t\t\t<\/label>\n\t\t\t\t\t\t<textarea class=\"elementor-field-textual elementor-field  elementor-size-sm\" name=\"form_fields[message]\" id=\"form-field-message\" rows=\"4\" placeholder=\"|\"><\/textarea>\t\t\t\t<\/div>\n\t\t\t\t\t\t\t\t<div class=\"elementor-field-type-acceptance elementor-field-group elementor-column elementor-field-group-field_31f12b7 elementor-col-100\">\n\t\t\t\t\t\t\t<div class=\"elementor-field-subgroup\">\n\t\t\t<span class=\"elementor-field-option\">\n\t\t\t\t<input type=\"checkbox\" name=\"form_fields[field_31f12b7]\" id=\"form-field-field_31f12b7\" class=\"elementor-field elementor-size-sm  elementor-acceptance-field\">\n\t\t\t\t<label for=\"form-field-field_31f12b7\">Acepto el <a href=\"http:\/\/capamunt.disstintbeta.com\/aviso-legal\/\">aviso legal<\/a> y la <a href=\"http:\/\/capamunt.disstintbeta.com\/politica-de-privacitat-y-cookies\/\">pol\u00edtica de privacidad y cookies<\/a><\/label>\t\t\t<\/span>\n\t\t<\/div>\n\t\t\t\t\t\t<\/div>\n\t\t\t\t\t\t\t\t<div class=\"elementor-field-type-recaptcha_v3 elementor-field-group elementor-column elementor-field-group-field_38b698c elementor-col-100 recaptcha_v3-bottomleft\">\n\t\t\t\t\t<div class=\"elementor-field\" id=\"form-field-field_38b698c\"><div class=\"elementor-g-recaptcha\" data-sitekey=\"6LeuXe0rAAAAAAUwv3FuiNqz4dl71FaYu5SvHIK-\" data-type=\"v3\" data-action=\"Form\" data-badge=\"bottomleft\" data-size=\"invisible\"><\/div><\/div>\t\t\t\t<\/div>\n\t\t\t\t\t\t\t\t<div class=\"elementor-field-group elementor-column elementor-field-type-submit elementor-col-100 e-form__buttons\">\n\t\t\t\t\t<button class=\"elementor-button elementor-size-sm\" type=\"submit\">\n\t\t\t\t\t\t<span class=\"elementor-button-content-wrapper\">\n\t\t\t\t\t\t\t\t\t\t\t\t\t\t\t<span class=\"elementor-button-icon\">\n\t\t\t\t\t\t\t\t\t<svg xmlns=\"http:\/\/www.w3.org\/2000\/svg\" width=\"32\" height=\"32\" viewBox=\"0 0 32 32\" fill=\"none\"><rect width=\"32\" height=\"32\" rx=\"5\" fill=\"#1E4C63\"><\/rect><path d=\"M9.76562 16H22.2344M22.2344 16L16 9.76562M22.2344 16L16 22.2344\" stroke=\"white\" stroke-width=\"1.78125\" stroke-linecap=\"round\" stroke-linejoin=\"round\"><\/path><\/svg>\t\t\t\t\t\t\t\t\t\t\t\t\t\t\t\t\t<\/span>\n\t\t\t\t\t\t\t\t\t\t\t\t\t\t\t\t\t\t\t\t\t\t<span class=\"elementor-button-text\">Enviar<\/span>\n\t\t\t\t\t\t\t\t\t\t\t\t\t<\/span>\n\t\t\t\t\t<\/button>\n\t\t\t\t<\/div>\n\t\t\t<\/div>\n\t\t<\/form>\n\t\t\t\t\t\t<\/div>\n\t\t\t\t<\/div>\n\t\t\t\t\t<\/div>\n\t\t\t\t<\/div>\n\t\t<div class=\"elementor-element elementor-element-0a822d8 e-flex e-con-boxed e-con e-parent\" data-id=\"0a822d8\" data-element_type=\"container\">\n\t\t\t\t\t<div class=\"e-con-inner\">\n\t\t<div class=\"elementor-element elementor-element-a94cb56 e-con-full e-flex e-con e-child\" data-id=\"a94cb56\" data-element_type=\"container\">\n\t\t\t\t<div class=\"elementor-element elementor-element-dae456c elementor-widget elementor-widget-heading\" data-id=\"dae456c\" data-element_type=\"widget\" data-widget_type=\"heading.default\">\n\t\t\t\t\t<h2 class=\"elementor-heading-title elementor-size-default\">Otras v\u00edas de contacto<\/h2>\t\t\t\t<\/div>\n\t\t\t\t<\/div>\n\t\t<div class=\"elementor-element elementor-element-723a09f e-con-full contacte e-flex e-con e-child\" data-id=\"723a09f\" data-element_type=\"container\">\n\t\t<div class=\"elementor-element elementor-element-df69660 e-con-full e-flex e-con e-child\" data-id=\"df69660\" data-element_type=\"container\" data-settings=\"{&quot;background_background&quot;:&quot;classic&quot;}\">\n\t\t\t\t<div class=\"elementor-element elementor-element-d8cab9c elementor-widget elementor-widget-heading\" data-id=\"d8cab9c\" data-element_type=\"widget\" data-widget_type=\"heading.default\">\n\t\t\t\t\t<span class=\"elementor-heading-title elementor-size-default\">Tel\u00e9fono y WhatsApp:<\/span>\t\t\t\t<\/div>\n\t\t\t\t<div class=\"elementor-element elementor-element-6903fdf elementor-widget elementor-widget-text-editor\" data-id=\"6903fdf\" data-element_type=\"widget\" data-widget_type=\"text-editor.default\">\n\t\t\t\t\t\t\t\t\t<p><a href=\"tel:661574585\" target=\"_blank\" rel=\"noopener\">+34 661 574 585<\/a><\/p>\t\t\t\t\t\t\t\t<\/div>\n\t\t\t\t<\/div>\n\t\t<div class=\"elementor-element elementor-element-0ae042e e-con-full e-flex e-con e-child\" data-id=\"0ae042e\" data-element_type=\"container\" data-settings=\"{&quot;background_background&quot;:&quot;classic&quot;}\">\n\t\t\t\t<div class=\"elementor-element elementor-element-bd51074 elementor-widget elementor-widget-heading\" data-id=\"bd51074\" data-element_type=\"widget\" data-widget_type=\"heading.default\">\n\t\t\t\t\t<span class=\"elementor-heading-title elementor-size-default\">Correo electr\u00f3nico:<\/span>\t\t\t\t<\/div>\n\t\t\t\t<div class=\"elementor-element elementor-element-9bf0d65 elementor-widget elementor-widget-text-editor\" data-id=\"9bf0d65\" data-element_type=\"widget\" data-widget_type=\"text-editor.default\">\n\t\t\t\t\t\t\t\t\t<p><a href=\"mailto:info@capamunt.cat\" target=\"_blank\" rel=\"noopener\"> info@capamunt.cat<\/a><\/p>\t\t\t\t\t\t\t\t<\/div>\n\t\t\t\t<\/div>\n\t\t<div class=\"elementor-element elementor-element-774cc20 e-con-full e-flex e-con e-child\" data-id=\"774cc20\" data-element_type=\"container\" data-settings=\"{&quot;background_background&quot;:&quot;classic&quot;}\">\n\t\t\t\t<div class=\"elementor-element elementor-element-27be3d9 elementor-widget elementor-widget-heading\" data-id=\"27be3d9\" data-element_type=\"widget\" data-widget_type=\"heading.default\">\n\t\t\t\t\t<span class=\"elementor-heading-title elementor-size-default\">S\u00edguenos en redes sociales:<\/span>\t\t\t\t<\/div>\n\t\t\t\t<div class=\"elementor-element elementor-element-0cc8d57 elementor-shape-square e-grid-align-left elementor-grid-0 elementor-widget elementor-widget-social-icons\" data-id=\"0cc8d57\" data-element_type=\"widget\" data-widget_type=\"social-icons.default\">\n\t\t\t\t\t\t\t<div class=\"elementor-social-icons-wrapper elementor-grid\" role=\"list\">\n\t\t\t\t\t\t\t<span class=\"elementor-grid-item\" role=\"listitem\">\n\t\t\t\t\t<a class=\"elementor-icon elementor-social-icon elementor-social-icon- elementor-repeater-item-e9fd26f\" href=\"https:\/\/www.instagram.com\/capamunt.tandemflight\/\" target=\"_blank\">\n\t\t\t\t\t\t<span class=\"elementor-screen-only\"><\/span>\n\t\t\t\t\t\t<svg xmlns=\"http:\/\/www.w3.org\/2000\/svg\" width=\"31\" height=\"30\" viewBox=\"0 0 31 30\" fill=\"none\"><g clip-path=\"url(#clip0_18523_2282)\"><path d=\"M30.5778 8.81561C30.5048 7.21893 30.2512 6.12854 29.8804 5.17456C29.5039 4.17366 28.9134 3.26706 28.1503 2.5177C27.4011 1.75461 26.4943 1.16386 25.4934 0.787125C24.5392 0.416565 23.449 0.163193 21.8524 0.0906372C20.2527 0.017395 19.7416 0 15.668 0C11.5943 0 11.0832 0.017395 9.48358 0.0901794C7.8869 0.163193 6.79674 0.416794 5.84253 0.787582C4.84163 1.16409 3.93503 1.75461 3.18567 2.5177C2.42258 3.26683 1.83183 4.17343 1.45509 5.17433C1.08453 6.12854 0.831161 7.21893 0.758606 8.81538C0.685364 10.4153 0.667969 10.9261 0.667969 14.9998C0.667969 19.0736 0.685364 19.5847 0.758606 21.1844C0.83139 22.7808 1.08499 23.8712 1.45578 24.8254C1.83229 25.8261 2.42281 26.7329 3.1859 27.4821C3.93503 28.2452 4.84186 28.8357 5.84276 29.2122C6.79674 29.5832 7.88713 29.8366 9.48381 29.9096C11.0837 29.9826 11.5946 29.9998 15.6682 29.9998C19.7418 29.9998 20.2529 29.9826 21.8526 29.9096C23.4493 29.8366 24.5394 29.5832 25.4936 29.2122C27.5085 28.4331 29.1013 26.8403 29.8804 24.8254C30.2514 23.8712 30.5048 22.7808 30.5778 21.1844C30.6506 19.5845 30.668 19.0736 30.668 15C30.668 10.9261 30.6506 10.4153 30.5778 8.81561ZM27.8777 21.0615C27.8111 22.524 27.5666 23.3183 27.3613 23.8467C26.8566 25.155 25.8228 26.1889 24.5145 26.6936C23.986 26.8989 23.1918 27.1433 21.7292 27.2099C20.1479 27.2823 19.6734 27.2974 15.668 27.2974C11.6623 27.2974 11.1881 27.2823 9.60649 27.2099C8.14417 27.1433 7.34995 26.8989 6.82123 26.6936C6.16983 26.453 5.58046 26.0696 5.0966 25.5714C4.59833 25.0875 4.21495 24.4984 3.9744 23.8467C3.76909 23.3183 3.52464 22.524 3.45804 21.0615C3.38594 19.4799 3.37061 19.0054 3.37061 15.0002C3.37061 10.9948 3.38594 10.5206 3.45804 8.93875C3.52487 7.4762 3.76909 6.68198 3.9744 6.15349C4.21495 5.50186 4.59856 4.91249 5.0966 4.42863C5.58046 3.93036 6.16983 3.54698 6.82146 3.30666C7.34995 3.10112 8.14417 2.8569 9.60672 2.79007C11.1883 2.71797 11.6628 2.70264 15.668 2.70264H15.6677C19.6729 2.70264 20.1474 2.71797 21.7292 2.7903C23.1918 2.8569 23.9858 3.10135 24.5145 3.30666C25.1659 3.54721 25.7552 3.93059 26.2391 4.42863C26.7374 4.91249 27.1208 5.50186 27.3611 6.15349C27.5666 6.68198 27.8111 7.4762 27.8777 8.93875C27.9498 10.5203 27.9651 10.9948 27.9651 15C27.9651 19.0054 27.95 19.4797 27.8777 21.0615Z\" fill=\"#1E4C63\"><\/path><path d=\"M15.6674 7.29785C11.4134 7.29785 7.96484 10.7466 7.96484 15.0006C7.96484 19.2546 11.4134 22.7032 15.6674 22.7032C19.9216 22.7032 23.3702 19.2546 23.3702 15.0006C23.3702 10.7466 19.9216 7.29785 15.6674 7.29785ZM15.6674 20.0006C12.9062 20.0003 10.6675 17.7619 10.6677 15.0004C10.6677 12.2392 12.9062 10.0005 15.6676 10.0005C18.4291 10.0007 20.6676 12.2392 20.6676 15.0004C20.6676 17.7619 18.4289 20.0006 15.6674 20.0006Z\" fill=\"#1E4C63\"><\/path><path d=\"M25.4751 6.99352C25.4751 7.98755 24.6692 8.79344 23.6752 8.79344C22.6809 8.79344 21.875 7.98755 21.875 6.99352C21.875 5.99925 22.6809 5.19336 23.6752 5.19336C24.6692 5.19336 25.4751 5.99925 25.4751 6.99352Z\" fill=\"#1E4C63\"><\/path><\/g><defs><clipPath id=\"clip0_18523_2282\"><rect width=\"30\" height=\"30\" fill=\"white\" transform=\"translate(0.667969)\"><\/rect><\/clipPath><\/defs><\/svg>\t\t\t\t\t<\/a>\n\t\t\t\t<\/span>\n\t\t\t\t\t\t\t<span class=\"elementor-grid-item\" role=\"listitem\">\n\t\t\t\t\t<a class=\"elementor-icon elementor-social-icon elementor-social-icon- elementor-repeater-item-edf0b41\" href=\"https:\/\/www.facebook.com\/capamunt.tandemflight\/\" target=\"_blank\">\n\t\t\t\t\t\t<span class=\"elementor-screen-only\"><\/span>\n\t\t\t\t\t\t<svg xmlns=\"http:\/\/www.w3.org\/2000\/svg\" width=\"31\" height=\"30\" viewBox=\"0 0 31 30\" fill=\"none\"><g clip-path=\"url(#clip0_18523_2286)\"><path d=\"M11.909 29.9708V16.897H7.90625V11.0157H12.0005V6.14871C12.0005 6.14871 12.1873 0.0183398 17.4387 -0.0292969H23.2835V5.74225H19.658C19.658 5.74225 18.1272 5.74225 18.1272 7.46713V11.1183H23.3714L22.7415 16.996H18.2188V29.9708H11.909Z\" fill=\"#1E4C63\"><\/path><\/g><defs><clipPath id=\"clip0_18523_2286\"><rect width=\"30\" height=\"30\" fill=\"white\" transform=\"translate(0.667969)\"><\/rect><\/clipPath><\/defs><\/svg>\t\t\t\t\t<\/a>\n\t\t\t\t<\/span>\n\t\t\t\t\t<\/div>\n\t\t\t\t\t\t<\/div>\n\t\t\t\t<\/div>\n\t\t\t\t<\/div>\n\t\t<div class=\"elementor-element elementor-element-d9412fe e-con-full e-flex e-con e-child\" data-id=\"d9412fe\" data-element_type=\"container\" data-settings=\"{&quot;background_background&quot;:&quot;classic&quot;}\">\n\t\t\t\t<div class=\"elementor-element elementor-element-bf3ca30 elementor-widget elementor-widget-heading\" data-id=\"bf3ca30\" data-element_type=\"widget\" data-widget_type=\"heading.default\">\n\t\t\t\t\t<span class=\"elementor-heading-title elementor-size-default\">Campo base:<\/span>\t\t\t\t<\/div>\n\t\t\t\t<div class=\"elementor-element elementor-element-3cae36b elementor-widget elementor-widget-text-editor\" data-id=\"3cae36b\" data-element_type=\"widget\" data-widget_type=\"text-editor.default\">\n\t\t\t\t\t\t\t\t\t<p>Zona Aer\u00f2drom de Son Albert\u00ed \u00abLucmallor\u00bb<\/p>\t\t\t\t\t\t\t\t<\/div>\n\t\t\t\t<\/div>\n\t\t<div class=\"elementor-element elementor-element-07fe4aa e-con-full e-flex e-con e-child\" data-id=\"07fe4aa\" data-element_type=\"container\" data-settings=\"{&quot;background_background&quot;:&quot;classic&quot;}\">\n\t\t\t\t<div class=\"elementor-element elementor-element-7f8cf74 elementor-widget elementor-widget-heading\" data-id=\"7f8cf74\" data-element_type=\"widget\" data-widget_type=\"heading.default\">\n\t\t\t\t\t<h2 class=\"elementor-heading-title elementor-size-default\">Informaci\u00f3n \u00fatil para la reserva<\/h2>\t\t\t\t<\/div>\n\t\t\t\t<div class=\"elementor-element elementor-element-e162c56 elementor-widget elementor-widget-text-editor\" data-id=\"e162c56\" data-element_type=\"widget\" data-widget_type=\"text-editor.default\">\n\t\t\t\t\t\t\t\t\t<ul><li>Se recomienda <strong>contactar con 1 a 5 d\u00edas de antelaci\u00f3n.<\/strong><\/li><li>Volamos <strong>cada d\u00eda<\/strong> , siempre que las condiciones meteorol\u00f3gicas lo permitan.<\/li><li>Los vuelos se realizan <strong>en las primeras horas de la ma\u00f1ana y al atardecer.<\/strong><\/li><li>Para confirmaciones, te pediremos algunos datos b\u00e1sicos (nombre, fecha, n\u00famero de personas, alojamiento&#8230;).<\/li><\/ul><p> <\/p><p>Cualquier duda, estamos aqu\u00ed para ayudarte.<\/p>\t\t\t\t\t\t\t\t<\/div>\n\t\t\t\t<\/div>\n\t\t\t\t\t<\/div>\n\t\t\t\t<\/div>\n\t\t\t\t<\/div>\n\t\t","protected":false},"excerpt":{"rendered":"<p>Contacta con nosotros Formulario \u00bfQuieres reservar tu vuelo, pedir informaci\u00f3n o realizar un regalo especial? Estaremos encantados de atenderte y ayudarte a hacer realidad esa experiencia \u00fanica. Rellena el formulario, ll\u00e1manos o env\u00edanos un mensaje por WhatsApp o correo electr\u00f3nico. Te responderemos lo antes posible. Otras v\u00edas de contacto Tel\u00e9fono y WhatsApp: +34 661 574 [&hellip;]<\/p>\n","protected":false},"author":1,"featured_media":0,"parent":0,"menu_order":0,"comment_status":"closed","ping_status":"closed","template":"","meta":{"footnotes":""},"class_list":["post-750","page","type-page","status-publish","hentry"],"yoast_head":"<!-- This site is optimized with the Yoast SEO plugin v26.2 - https:\/\/yoast.com\/wordpress\/plugins\/seo\/ -->\n<title>Contacta con Capamunt | Reserva tu vuelo en paratrike en Mallorca<\/title>\n<meta name=\"description\" content=\"Contacta con Capamunt para reservar tu vuelo en paratrike, pedir informaci\u00f3n o realizar un regalo especial.\" \/>\n<meta name=\"robots\" content=\"index, follow, max-snippet:-1, max-image-preview:large, max-video-preview:-1\" \/>\n<link rel=\"canonical\" href=\"https:\/\/capamunt.cat\/es\/contacto\/\" \/>\n<meta property=\"og:locale\" content=\"es_ES\" \/>\n<meta property=\"og:type\" content=\"article\" \/>\n<meta property=\"og:title\" content=\"Contacta con Capamunt | Reserva tu vuelo en paratrike en Mallorca\" \/>\n<meta property=\"og:description\" content=\"Contacta con Capamunt para reservar tu vuelo en paratrike, pedir informaci\u00f3n o realizar un regalo especial.\" \/>\n<meta property=\"og:url\" content=\"https:\/\/capamunt.cat\/es\/contacto\/\" \/>\n<meta property=\"og:site_name\" content=\"Capamunt\" \/>\n<meta property=\"article:modified_time\" content=\"2025-12-17T19:39:26+00:00\" \/>\n<meta name=\"twitter:card\" content=\"summary_large_image\" \/>\n<meta name=\"twitter:label1\" content=\"Tiempo de lectura\" \/>\n\t<meta name=\"twitter:data1\" content=\"1 minuto\" \/>\n<script type=\"application\/ld+json\" class=\"yoast-schema-graph\">{\"@context\":\"https:\/\/schema.org\",\"@graph\":[{\"@type\":\"WebPage\",\"@id\":\"https:\/\/capamunt.cat\/es\/contacto\/\",\"url\":\"https:\/\/capamunt.cat\/es\/contacto\/\",\"name\":\"Contacta con Capamunt | Reserva tu vuelo en paratrike en Mallorca\",\"isPartOf\":{\"@id\":\"https:\/\/capamunt.cat\/es\/#website\"},\"datePublished\":\"2025-08-26T08:29:45+00:00\",\"dateModified\":\"2025-12-17T19:39:26+00:00\",\"description\":\"Contacta con Capamunt para reservar tu vuelo en paratrike, pedir informaci\u00f3n o realizar un regalo especial.\",\"breadcrumb\":{\"@id\":\"https:\/\/capamunt.cat\/es\/contacto\/#breadcrumb\"},\"inLanguage\":\"es\",\"potentialAction\":[{\"@type\":\"ReadAction\",\"target\":[\"https:\/\/capamunt.cat\/es\/contacto\/\"]}]},{\"@type\":\"BreadcrumbList\",\"@id\":\"https:\/\/capamunt.cat\/es\/contacto\/#breadcrumb\",\"itemListElement\":[{\"@type\":\"ListItem\",\"position\":1,\"name\":\"Inici\",\"item\":\"https:\/\/capamunt.cat\/es\/\"},{\"@type\":\"ListItem\",\"position\":2,\"name\":\"Contacto\"}]},{\"@type\":\"WebSite\",\"@id\":\"https:\/\/capamunt.cat\/es\/#website\",\"url\":\"https:\/\/capamunt.cat\/es\/\",\"name\":\"Capamunt\",\"description\":\"\",\"publisher\":{\"@id\":\"https:\/\/capamunt.cat\/es\/#organization\"},\"potentialAction\":[{\"@type\":\"SearchAction\",\"target\":{\"@type\":\"EntryPoint\",\"urlTemplate\":\"https:\/\/capamunt.cat\/es\/?s={search_term_string}\"},\"query-input\":{\"@type\":\"PropertyValueSpecification\",\"valueRequired\":true,\"valueName\":\"search_term_string\"}}],\"inLanguage\":\"es\"},{\"@type\":\"Organization\",\"@id\":\"https:\/\/capamunt.cat\/es\/#organization\",\"name\":\"Capamunt\",\"url\":\"https:\/\/capamunt.cat\/es\/\",\"logo\":{\"@type\":\"ImageObject\",\"inLanguage\":\"es\",\"@id\":\"https:\/\/capamunt.cat\/es\/#\/schema\/logo\/image\/\",\"url\":\"https:\/\/capamunt.cat\/wp-content\/uploads\/2025\/08\/logo.svg\",\"contentUrl\":\"https:\/\/capamunt.cat\/wp-content\/uploads\/2025\/08\/logo.svg\",\"width\":236,\"height\":100,\"caption\":\"Capamunt\"},\"image\":{\"@id\":\"https:\/\/capamunt.cat\/es\/#\/schema\/logo\/image\/\"}}]}<\/script>\n<!-- \/ Yoast SEO plugin. -->","yoast_head_json":{"title":"Contacta con Capamunt | Reserva tu vuelo en paratrike en Mallorca","description":"Contacta con Capamunt para reservar tu vuelo en paratrike, pedir informaci\u00f3n o realizar un regalo especial.","robots":{"index":"index","follow":"follow","max-snippet":"max-snippet:-1","max-image-preview":"max-image-preview:large","max-video-preview":"max-video-preview:-1"},"canonical":"https:\/\/capamunt.cat\/es\/contacto\/","og_locale":"es_ES","og_type":"article","og_title":"Contacta con Capamunt | Reserva tu vuelo en paratrike en Mallorca","og_description":"Contacta con Capamunt para reservar tu vuelo en paratrike, pedir informaci\u00f3n o realizar un regalo especial.","og_url":"https:\/\/capamunt.cat\/es\/contacto\/","og_site_name":"Capamunt","article_modified_time":"2025-12-17T19:39:26+00:00","twitter_card":"summary_large_image","twitter_misc":{"Tiempo de lectura":"1 minuto"},"schema":{"@context":"https:\/\/schema.org","@graph":[{"@type":"WebPage","@id":"https:\/\/capamunt.cat\/es\/contacto\/","url":"https:\/\/capamunt.cat\/es\/contacto\/","name":"Contacta con Capamunt | Reserva tu vuelo en paratrike en Mallorca","isPartOf":{"@id":"https:\/\/capamunt.cat\/es\/#website"},"datePublished":"2025-08-26T08:29:45+00:00","dateModified":"2025-12-17T19:39:26+00:00","description":"Contacta con Capamunt para reservar tu vuelo en paratrike, pedir informaci\u00f3n o realizar un regalo especial.","breadcrumb":{"@id":"https:\/\/capamunt.cat\/es\/contacto\/#breadcrumb"},"inLanguage":"es","potentialAction":[{"@type":"ReadAction","target":["https:\/\/capamunt.cat\/es\/contacto\/"]}]},{"@type":"BreadcrumbList","@id":"https:\/\/capamunt.cat\/es\/contacto\/#breadcrumb","itemListElement":[{"@type":"ListItem","position":1,"name":"Inici","item":"https:\/\/capamunt.cat\/es\/"},{"@type":"ListItem","position":2,"name":"Contacto"}]},{"@type":"WebSite","@id":"https:\/\/capamunt.cat\/es\/#website","url":"https:\/\/capamunt.cat\/es\/","name":"Capamunt","description":"","publisher":{"@id":"https:\/\/capamunt.cat\/es\/#organization"},"potentialAction":[{"@type":"SearchAction","target":{"@type":"EntryPoint","urlTemplate":"https:\/\/capamunt.cat\/es\/?s={search_term_string}"},"query-input":{"@type":"PropertyValueSpecification","valueRequired":true,"valueName":"search_term_string"}}],"inLanguage":"es"},{"@type":"Organization","@id":"https:\/\/capamunt.cat\/es\/#organization","name":"Capamunt","url":"https:\/\/capamunt.cat\/es\/","logo":{"@type":"ImageObject","inLanguage":"es","@id":"https:\/\/capamunt.cat\/es\/#\/schema\/logo\/image\/","url":"https:\/\/capamunt.cat\/wp-content\/uploads\/2025\/08\/logo.svg","contentUrl":"https:\/\/capamunt.cat\/wp-content\/uploads\/2025\/08\/logo.svg","width":236,"height":100,"caption":"Capamunt"},"image":{"@id":"https:\/\/capamunt.cat\/es\/#\/schema\/logo\/image\/"}}]}},"_links":{"self":[{"href":"https:\/\/capamunt.cat\/es\/wp-json\/wp\/v2\/pages\/750","targetHints":{"allow":["GET"]}}],"collection":[{"href":"https:\/\/capamunt.cat\/es\/wp-json\/wp\/v2\/pages"}],"about":[{"href":"https:\/\/capamunt.cat\/es\/wp-json\/wp\/v2\/types\/page"}],"author":[{"embeddable":true,"href":"https:\/\/capamunt.cat\/es\/wp-json\/wp\/v2\/users\/1"}],"replies":[{"embeddable":true,"href":"https:\/\/capamunt.cat\/es\/wp-json\/wp\/v2\/comments?post=750"}],"version-history":[{"count":7,"href":"https:\/\/capamunt.cat\/es\/wp-json\/wp\/v2\/pages\/750\/revisions"}],"predecessor-version":[{"id":959,"href":"https:\/\/capamunt.cat\/es\/wp-json\/wp\/v2\/pages\/750\/revisions\/959"}],"wp:attachment":[{"href":"https:\/\/capamunt.cat\/es\/wp-json\/wp\/v2\/media?parent=750"}],"curies":[{"name":"wp","href":"https:\/\/api.w.org\/{rel}","templated":true}]}}